{"id":862,"date":"2019-11-27T15:29:24","date_gmt":"2019-11-27T14:29:24","guid":{"rendered":"http:\/\/www.ehenetz-dresden.de\/WordPress\/?page_id=862"},"modified":"2019-12-09T14:21:30","modified_gmt":"2019-12-09T13:21:30","slug":"trennung","status":"publish","type":"page","link":"https:\/\/www.ehenetz-dresden.de\/WordPress\/trennung\/","title":{"rendered":"Trennung"},"content":{"rendered":"\t\t<div data-elementor-type=\"wp-page\" data-elementor-id=\"862\" class=\"elementor elementor-862\">\n\t\t\t\t\t\t<section class=\"elementor-section elementor-top-section elementor-element elementor-element-0eeb348 elementor-section-boxed elementor-section-height-default elementor-section-height-default\" data-id=\"0eeb348\" data-element_type=\"section\" data-e-type=\"section\">\n\t\t\t\t\t\t<div class=\"elementor-container elementor-column-gap-default\">\n\t\t\t\t\t<div class=\"elementor-column elementor-col-100 elementor-top-column elementor-element elementor-element-dfea068\" data-id=\"dfea068\" data-element_type=\"column\" data-e-type=\"column\">\n\t\t\t<div class=\"elementor-widget-wrap elementor-element-populated\">\n\t\t\t\t\t\t<div class=\"elementor-element elementor-element-f3b9dc4 elementor-widget elementor-widget-heading\" data-id=\"f3b9dc4\" data-element_type=\"widget\" data-e-type=\"widget\" data-widget_type=\"heading.default\">\n\t\t\t\t<div class=\"elementor-widget-container\">\n\t\t\t\t\t<h2 class=\"elementor-heading-title elementor-size-default\">Trennung<\/h2>\t\t\t\t<\/div>\n\t\t\t\t<\/div>\n\t\t\t\t\t<\/div>\n\t\t<\/div>\n\t\t\t\t\t<\/div>\n\t\t<\/section>\n\t\t\t\t<section class=\"elementor-section elementor-top-section elementor-element elementor-element-9dffc90 elementor-section-boxed elementor-section-height-default elementor-section-height-default\" data-id=\"9dffc90\" data-element_type=\"section\" data-e-type=\"section\">\n\t\t\t\t\t\t<div class=\"elementor-container elementor-column-gap-default\">\n\t\t\t\t\t<div class=\"elementor-column elementor-col-100 elementor-top-column elementor-element elementor-element-4c45347\" data-id=\"4c45347\" data-element_type=\"column\" data-e-type=\"column\">\n\t\t\t<div class=\"elementor-widget-wrap elementor-element-populated\">\n\t\t\t\t\t\t<div class=\"elementor-element elementor-element-f85e005 elementor-widget elementor-widget-spacer\" data-id=\"f85e005\" data-element_type=\"widget\" data-e-type=\"widget\" data-widget_type=\"spacer.default\">\n\t\t\t\t<div class=\"elementor-widget-container\">\n\t\t\t\t\t\t\t<div class=\"elementor-spacer\">\n\t\t\t<div class=\"elementor-spacer-inner\"><\/div>\n\t\t<\/div>\n\t\t\t\t\t\t<\/div>\n\t\t\t\t<\/div>\n\t\t\t\t\t<\/div>\n\t\t<\/div>\n\t\t\t\t\t<\/div>\n\t\t<\/section>\n\t\t\t\t<section class=\"elementor-section elementor-top-section elementor-element elementor-element-8fafb98 elementor-section-boxed elementor-section-height-default elementor-section-height-default\" data-id=\"8fafb98\" data-element_type=\"section\" data-e-type=\"section\">\n\t\t\t\t\t\t<div class=\"elementor-container elementor-column-gap-default\">\n\t\t\t\t\t<div class=\"elementor-column elementor-col-50 elementor-top-column elementor-element elementor-element-3d30bc9\" data-id=\"3d30bc9\" data-element_type=\"column\" data-e-type=\"column\">\n\t\t\t<div class=\"elementor-widget-wrap elementor-element-populated\">\n\t\t\t\t\t\t<div class=\"elementor-element elementor-element-946301a elementor-widget elementor-widget-image\" data-id=\"946301a\" data-element_type=\"widget\" data-e-type=\"widget\" data-widget_type=\"image.default\">\n\t\t\t\t<div class=\"elementor-widget-container\">\n\t\t\t\t\t\t\t\t\t\t\t\t\t\t\t\t<a href=\"https:\/\/www.thalia.de\/shop\/home\/suggestartikel\/ID124310970.html?sq=Auch%20getrennte%20Wege%20gehen%20weiter%20-%20Buch%20und%20DVD&#038;stype=productName\">\n\t\t\t\t\t\t\t<img fetchpriority=\"high\" decoding=\"async\" width=\"314\" height=\"499\" src=\"https:\/\/www.ehenetz-dresden.de\/WordPress\/wp-content\/uploads\/2019\/11\/Auch-getrennte-Wege-gehen-weiter-Scheidung-\u00fcberwinden.jpg\" class=\"attachment-large size-large wp-image-875\" alt=\"\" srcset=\"https:\/\/www.ehenetz-dresden.de\/WordPress\/wp-content\/uploads\/2019\/11\/Auch-getrennte-Wege-gehen-weiter-Scheidung-\u00fcberwinden.jpg 314w, https:\/\/www.ehenetz-dresden.de\/WordPress\/wp-content\/uploads\/2019\/11\/Auch-getrennte-Wege-gehen-weiter-Scheidung-\u00fcberwinden-189x300.jpg 189w, https:\/\/www.ehenetz-dresden.de\/WordPress\/wp-content\/uploads\/2019\/11\/Auch-getrennte-Wege-gehen-weiter-Scheidung-\u00fcberwinden-230x366.jpg 230w\" sizes=\"(max-width: 314px) 100vw, 314px\" \/>\t\t\t\t\t\t\t\t<\/a>\n\t\t\t\t\t\t\t\t\t\t\t\t\t\t\t<\/div>\n\t\t\t\t<\/div>\n\t\t\t\t\t<\/div>\n\t\t<\/div>\n\t\t\t\t<div class=\"elementor-column elementor-col-50 elementor-top-column elementor-element elementor-element-7216c7a\" data-id=\"7216c7a\" data-element_type=\"column\" data-e-type=\"column\">\n\t\t\t<div class=\"elementor-widget-wrap elementor-element-populated\">\n\t\t\t\t\t\t<div class=\"elementor-element elementor-element-caa9466 elementor-widget elementor-widget-text-editor\" data-id=\"caa9466\" data-element_type=\"widget\" data-e-type=\"widget\" data-widget_type=\"text-editor.default\">\n\t\t\t\t<div class=\"elementor-widget-container\">\n\t\t\t\t\t\t\t\t\t<div data-switch=\"author\" data-switch-size=\"large,xlarge\"><h5 class=\"aim-author\" style=\"text-align: center;\">Kai Mauritz<\/h5><\/div><h5 class=\"ncTitle\" style=\"text-align: center;\"><a href=\"https:\/\/www.thalia.de\/shop\/home\/suggestartikel\/ID124310970.html?sq=Auch%20getrennte%20Wege%20gehen%20weiter%20-%20Buch%20und%20DVD&amp;stype=productName\">Auch getrennte Wege gehen weiter<\/a><\/h5><h5 class=\"ncTitleSub\" style=\"text-align: center;\"><span class=\"oSubTitle\">Scheidung \u00fcberwinden &#8211; Zur\u00fcck ins Leben finden<\/span><\/h5><p>Eine Scheidung \u00e4ndert alles \u2013 bisher sicher Geglaubtes wird unsicher. Die Betroffenen durchleben verschiedene Phasen und m\u00fcssen lernen, mit der neuen Situation umzugehen. Dabei kann es helfen, sich mit anderen in einer Kleingruppe auszutauschen oder Erfahrungen von Menschen zu h\u00f6ren, die vielleicht schon einen Schritt weiter sind. Die kurzen Filmsequenzen bringen die Themen des Buches auf den Punkt, illustrieren und regen zum Gespr\u00e4ch und Weiterdenken an. Die DVD ist die optimale Erg\u00e4nzung zum Buch und bietet Kleingruppenleitern oder Referenten bei Gemeindeseminaren eine echte Hilfestellung.<\/p>\t\t\t\t\t\t\t\t<\/div>\n\t\t\t\t<\/div>\n\t\t\t\t\t<\/div>\n\t\t<\/div>\n\t\t\t\t\t<\/div>\n\t\t<\/section>\n\t\t\t\t<section class=\"elementor-section elementor-top-section elementor-element elementor-element-95521ea elementor-section-boxed elementor-section-height-default elementor-section-height-default\" data-id=\"95521ea\" data-element_type=\"section\" data-e-type=\"section\">\n\t\t\t\t\t\t<div class=\"elementor-container elementor-column-gap-default\">\n\t\t\t\t\t<div class=\"elementor-column elementor-col-100 elementor-top-column elementor-element elementor-element-2018e11\" data-id=\"2018e11\" data-element_type=\"column\" data-e-type=\"column\">\n\t\t\t<div class=\"elementor-widget-wrap elementor-element-populated\">\n\t\t\t\t\t\t<div class=\"elementor-element elementor-element-66d729a elementor-widget elementor-widget-spacer\" data-id=\"66d729a\" data-element_type=\"widget\" data-e-type=\"widget\" data-widget_type=\"spacer.default\">\n\t\t\t\t<div class=\"elementor-widget-container\">\n\t\t\t\t\t\t\t<div class=\"elementor-spacer\">\n\t\t\t<div class=\"elementor-spacer-inner\"><\/div>\n\t\t<\/div>\n\t\t\t\t\t\t<\/div>\n\t\t\t\t<\/div>\n\t\t\t\t\t<\/div>\n\t\t<\/div>\n\t\t\t\t\t<\/div>\n\t\t<\/section>\n\t\t\t\t<section class=\"elementor-section elementor-top-section elementor-element elementor-element-19e2eda elementor-reverse-mobile elementor-section-boxed elementor-section-height-default elementor-section-height-default\" data-id=\"19e2eda\" data-element_type=\"section\" data-e-type=\"section\">\n\t\t\t\t\t\t<div class=\"elementor-container elementor-column-gap-default\">\n\t\t\t\t\t<div class=\"elementor-column elementor-col-50 elementor-top-column elementor-element elementor-element-54ccab0\" data-id=\"54ccab0\" data-element_type=\"column\" data-e-type=\"column\">\n\t\t\t<div class=\"elementor-widget-wrap elementor-element-populated\">\n\t\t\t\t\t\t<div class=\"elementor-element elementor-element-5422523 elementor-widget elementor-widget-text-editor\" data-id=\"5422523\" data-element_type=\"widget\" data-e-type=\"widget\" data-widget_type=\"text-editor.default\">\n\t\t\t\t<div class=\"elementor-widget-container\">\n\t\t\t\t\t\t\t\t\t<div data-switch=\"author\" data-switch-size=\"large,xlarge\"><div class=\"a-section a-spacing-none\"><h5 id=\"title\" class=\"a-size-large a-spacing-none\" style=\"text-align: center;\"><span id=\"productTitle\" class=\"a-size-large\">Felicitas A. Lehnert<\/span><\/h5><h5 class=\"a-size-large a-spacing-none\" style=\"text-align: center;\"><a href=\"https:\/\/www.amazon.de\/Niemals-gehst-Ratgeber-Zeiten-Trennung\/dp\/3767570734\/ref=cm_cr_arp_d_product_top?ie=UTF8\"><span id=\"productTitle\" class=\"a-size-large\">Niemals gehst du ganz<\/span><\/a><\/h5><h5 class=\"a-size-large a-spacing-none\" style=\"text-align: center;\"><span id=\"productTitle\" class=\"a-size-large\">Ratgeber f\u00fcr Zeiten der Trennung<\/span>\u00a0<\/h5><\/div><\/div><p>Scheidungen nehmen in unserer Gesellschaft immer weiter zu. Auch unter Christen sind sie seit langer Zeit kein Tabu mehr. Was aber bedeutet dies f\u00fcr den christlichen Gedanken der Ehe? Wie gehen Beteiligte mit dieser Situation um? Welche besonderen Chancen, aber auch welche besonderen Fragen haben Christen in Trennungssituationen? Felicitas und Volker Lehnert zeigen Wege, wie dies gelingen kann. Dabei zeigen sie, dass der christliche Gedanke von der &#8222;Unaufl\u00f6slichkeit&#8220; einer Ehe einen tiefen, psychologischen Kern hat: Jede Ehe dauert im Leben beider Partner fort, auch wenn sie geschieden wird. Trotzdem gibt es Ehen, die scheitern. Gibt es Strategien, die helfen, eine gescheiterte Beziehung zu beenden, ohne dass dabei alle Beteiligten seelisch auf der Strecke bleiben? Wie geht man mit der Entt\u00e4uschung, der Trennung und der Trauer \u00fcber den Verlust des Partners um? Welche Rolle spielt die Vergebung eigener und fremder Schuld bei dem Weg in ein Leben ohne Partner? Und vor allem: welche Fehler gilt es, auf dem Weg in eine neue Partnerschaft zu vermeiden?<\/p>\t\t\t\t\t\t\t\t<\/div>\n\t\t\t\t<\/div>\n\t\t\t\t\t<\/div>\n\t\t<\/div>\n\t\t\t\t<div class=\"elementor-column elementor-col-50 elementor-top-column elementor-element elementor-element-bd225b7\" data-id=\"bd225b7\" data-element_type=\"column\" data-e-type=\"column\">\n\t\t\t<div class=\"elementor-widget-wrap elementor-element-populated\">\n\t\t\t\t\t\t<div class=\"elementor-element elementor-element-91ff8b0 elementor-widget elementor-widget-image\" data-id=\"91ff8b0\" data-element_type=\"widget\" data-e-type=\"widget\" data-widget_type=\"image.default\">\n\t\t\t\t<div class=\"elementor-widget-container\">\n\t\t\t\t\t\t\t\t\t\t\t\t\t\t\t<img decoding=\"async\" width=\"415\" height=\"640\" src=\"https:\/\/www.ehenetz-dresden.de\/WordPress\/wp-content\/uploads\/2019\/11\/Niemals-gehst-du-ganz.-Ratgeber-f\u00fcr-Zeiten-der-Trennung.jpg\" class=\"attachment-large size-large wp-image-890\" alt=\"\" srcset=\"https:\/\/www.ehenetz-dresden.de\/WordPress\/wp-content\/uploads\/2019\/11\/Niemals-gehst-du-ganz.-Ratgeber-f\u00fcr-Zeiten-der-Trennung.jpg 415w, https:\/\/www.ehenetz-dresden.de\/WordPress\/wp-content\/uploads\/2019\/11\/Niemals-gehst-du-ganz.-Ratgeber-f\u00fcr-Zeiten-der-Trennung-195x300.jpg 195w, https:\/\/www.ehenetz-dresden.de\/WordPress\/wp-content\/uploads\/2019\/11\/Niemals-gehst-du-ganz.-Ratgeber-f\u00fcr-Zeiten-der-Trennung-230x355.jpg 230w, https:\/\/www.ehenetz-dresden.de\/WordPress\/wp-content\/uploads\/2019\/11\/Niemals-gehst-du-ganz.-Ratgeber-f\u00fcr-Zeiten-der-Trennung-350x540.jpg 350w\" sizes=\"(max-width: 415px) 100vw, 415px\" \/>\t\t\t\t\t\t\t\t\t\t\t\t\t\t\t<\/div>\n\t\t\t\t<\/div>\n\t\t\t\t\t<\/div>\n\t\t<\/div>\n\t\t\t\t\t<\/div>\n\t\t<\/section>\n\t\t\t\t<\/div>\n\t\t","protected":false},"excerpt":{"rendered":"<p>Trennung Kai Mauritz Auch getrennte Wege gehen weiter Scheidung \u00fcberwinden &#8211; Zur\u00fcck ins Leben finden Eine Scheidung \u00e4ndert alles \u2013 bisher sicher Geglaubtes wird unsicher. Die Betroffenen durchleben verschiedene Phasen und m\u00fcssen lernen, mit der neuen Situation umzugehen. Dabei kann es helfen, sich mit anderen in einer Kleingruppe auszutauschen oder Erfahrungen von Menschen zu h\u00f6ren, [&hellip;]<\/p>\n","protected":false},"author":3,"featured_media":0,"parent":0,"menu_order":0,"comment_status":"closed","ping_status":"closed","template":"elementor_header_footer","meta":{"footnotes":""},"class_list":["post-862","page","type-page","status-publish","hentry"],"_links":{"self":[{"href":"https:\/\/www.ehenetz-dresden.de\/WordPress\/wp-json\/wp\/v2\/pages\/862","targetHints":{"allow":["GET"]}}],"collection":[{"href":"https:\/\/www.ehenetz-dresden.de\/WordPress\/wp-json\/wp\/v2\/pages"}],"about":[{"href":"https:\/\/www.ehenetz-dresden.de\/WordPress\/wp-json\/wp\/v2\/types\/page"}],"author":[{"embeddable":true,"href":"https:\/\/www.ehenetz-dresden.de\/WordPress\/wp-json\/wp\/v2\/users\/3"}],"replies":[{"embeddable":true,"href":"https:\/\/www.ehenetz-dresden.de\/WordPress\/wp-json\/wp\/v2\/comments?post=862"}],"version-history":[{"count":6,"href":"https:\/\/www.ehenetz-dresden.de\/WordPress\/wp-json\/wp\/v2\/pages\/862\/revisions"}],"predecessor-version":[{"id":1162,"href":"https:\/\/www.ehenetz-dresden.de\/WordPress\/wp-json\/wp\/v2\/pages\/862\/revisions\/1162"}],"wp:attachment":[{"href":"https:\/\/www.ehenetz-dresden.de\/WordPress\/wp-json\/wp\/v2\/media?parent=862"}],"curies":[{"name":"wp","href":"https:\/\/api.w.org\/{rel}","templated":true}]}}