{"id":860,"date":"2019-11-27T15:29:10","date_gmt":"2019-11-27T14:29:10","guid":{"rendered":"http:\/\/www.ehenetz-dresden.de\/WordPress\/?page_id=860"},"modified":"2020-01-16T21:55:29","modified_gmt":"2020-01-16T20:55:29","slug":"sexualitaet","status":"publish","type":"page","link":"https:\/\/www.ehenetz-dresden.de\/WordPress\/sexualitaet\/","title":{"rendered":"Sexualit\u00e4t"},"content":{"rendered":"\t\t<div data-elementor-type=\"wp-page\" data-elementor-id=\"860\" class=\"elementor elementor-860\">\n\t\t\t\t\t\t<section class=\"elementor-section elementor-top-section elementor-element elementor-element-bd85e3f elementor-section-boxed elementor-section-height-default elementor-section-height-default\" data-id=\"bd85e3f\" data-element_type=\"section\" data-e-type=\"section\">\n\t\t\t\t\t\t<div class=\"elementor-container elementor-column-gap-default\">\n\t\t\t\t\t<div class=\"elementor-column elementor-col-100 elementor-top-column elementor-element elementor-element-7f0d0ba\" data-id=\"7f0d0ba\" data-element_type=\"column\" data-e-type=\"column\">\n\t\t\t<div class=\"elementor-widget-wrap elementor-element-populated\">\n\t\t\t\t\t\t<div class=\"elementor-element elementor-element-3fa7e9f elementor-widget elementor-widget-heading\" data-id=\"3fa7e9f\" data-element_type=\"widget\" data-e-type=\"widget\" data-widget_type=\"heading.default\">\n\t\t\t\t<div class=\"elementor-widget-container\">\n\t\t\t\t\t<h2 class=\"elementor-heading-title elementor-size-default\">Sexualit\u00e4t<\/h2>\t\t\t\t<\/div>\n\t\t\t\t<\/div>\n\t\t\t\t\t<\/div>\n\t\t<\/div>\n\t\t\t\t\t<\/div>\n\t\t<\/section>\n\t\t\t\t<section class=\"elementor-section elementor-top-section elementor-element elementor-element-d924846 elementor-section-boxed elementor-section-height-default elementor-section-height-default\" data-id=\"d924846\" data-element_type=\"section\" data-e-type=\"section\">\n\t\t\t\t\t\t<div class=\"elementor-container elementor-column-gap-default\">\n\t\t\t\t\t<div class=\"elementor-column elementor-col-100 elementor-top-column elementor-element elementor-element-f013fdf\" data-id=\"f013fdf\" data-element_type=\"column\" data-e-type=\"column\">\n\t\t\t<div class=\"elementor-widget-wrap elementor-element-populated\">\n\t\t\t\t\t\t<div class=\"elementor-element elementor-element-d2e5fbf elementor-widget elementor-widget-spacer\" data-id=\"d2e5fbf\" data-element_type=\"widget\" data-e-type=\"widget\" data-widget_type=\"spacer.default\">\n\t\t\t\t<div class=\"elementor-widget-container\">\n\t\t\t\t\t\t\t<div class=\"elementor-spacer\">\n\t\t\t<div class=\"elementor-spacer-inner\"><\/div>\n\t\t<\/div>\n\t\t\t\t\t\t<\/div>\n\t\t\t\t<\/div>\n\t\t\t\t\t<\/div>\n\t\t<\/div>\n\t\t\t\t\t<\/div>\n\t\t<\/section>\n\t\t\t\t<section class=\"elementor-section elementor-top-section elementor-element elementor-element-1e4cf57 elementor-section-boxed elementor-section-height-default elementor-section-height-default\" data-id=\"1e4cf57\" data-element_type=\"section\" data-e-type=\"section\">\n\t\t\t\t\t\t<div class=\"elementor-container elementor-column-gap-default\">\n\t\t\t\t\t<div class=\"elementor-column elementor-col-50 elementor-top-column elementor-element elementor-element-6eb3d83\" data-id=\"6eb3d83\" data-element_type=\"column\" data-e-type=\"column\">\n\t\t\t<div class=\"elementor-widget-wrap elementor-element-populated\">\n\t\t\t\t\t\t<div class=\"elementor-element elementor-element-ae4520f elementor-widget elementor-widget-image\" data-id=\"ae4520f\" data-element_type=\"widget\" data-e-type=\"widget\" data-widget_type=\"image.default\">\n\t\t\t\t<div class=\"elementor-widget-container\">\n\t\t\t\t\t\t\t\t\t\t\t\t\t\t\t\t<a href=\"https:\/\/www.thalia.de\/shop\/home\/artikeldetails\/ID115699396.html\">\n\t\t\t\t\t\t\t<img fetchpriority=\"high\" decoding=\"async\" width=\"342\" height=\"499\" src=\"https:\/\/www.ehenetz-dresden.de\/WordPress\/wp-content\/uploads\/2019\/11\/Soulsex-Mit-Lust-die-Liebe-neu-entdecken.jpg\" class=\"attachment-large size-large wp-image-884\" alt=\"\" srcset=\"https:\/\/www.ehenetz-dresden.de\/WordPress\/wp-content\/uploads\/2019\/11\/Soulsex-Mit-Lust-die-Liebe-neu-entdecken.jpg 342w, https:\/\/www.ehenetz-dresden.de\/WordPress\/wp-content\/uploads\/2019\/11\/Soulsex-Mit-Lust-die-Liebe-neu-entdecken-206x300.jpg 206w, https:\/\/www.ehenetz-dresden.de\/WordPress\/wp-content\/uploads\/2019\/11\/Soulsex-Mit-Lust-die-Liebe-neu-entdecken-230x336.jpg 230w\" sizes=\"(max-width: 342px) 100vw, 342px\" \/>\t\t\t\t\t\t\t\t<\/a>\n\t\t\t\t\t\t\t\t\t\t\t\t\t\t\t<\/div>\n\t\t\t\t<\/div>\n\t\t\t\t\t<\/div>\n\t\t<\/div>\n\t\t\t\t<div class=\"elementor-column elementor-col-50 elementor-top-column elementor-element elementor-element-cd0e90e\" data-id=\"cd0e90e\" data-element_type=\"column\" data-e-type=\"column\">\n\t\t\t<div class=\"elementor-widget-wrap elementor-element-populated\">\n\t\t\t\t\t\t<div class=\"elementor-element elementor-element-ff9ec29 elementor-widget elementor-widget-text-editor\" data-id=\"ff9ec29\" data-element_type=\"widget\" data-e-type=\"widget\" data-widget_type=\"text-editor.default\">\n\t\t\t\t<div class=\"elementor-widget-container\">\n\t\t\t\t\t\t\t\t\t<div data-switch=\"author\" data-switch-size=\"large,xlarge\"><h5 class=\"aim-author\" style=\"text-align: center;\">Eva Maria Zurhorst<\/h5><\/div><h5 class=\"ncTitle\" style=\"text-align: center;\"><a href=\"https:\/\/www.thalia.de\/shop\/home\/artikeldetails\/ID115699396.html\">Soulsex<\/a><\/h5><h6 class=\"ncTitleSub\" style=\"text-align: center;\"><span class=\"oSubTitle\">Mit Lust die Liebe neu entdecken<\/span><\/h6><p>Probleme mit der Sexualit\u00e4t bringt fast jedes Paar mit, das in die Praxis von Eva-Maria Zurhorst kommt. Frauen f\u00fchlen sich von der Lust an der Liebe verlassen und M\u00e4nnern schlagen Stress, Leistungsdruck oder Zur\u00fcckweisung durch die Partnerin auf die Seele. Soulsex beschreibt Zurhorsts pers\u00f6nliches Wundermittel f\u00fcr die Heilung von Beziehungsstress und die R\u00fcckkehr der k\u00f6rperlichen Lust: Der Sex muss mit dem Herzen verbunden werden. Soulsex zeigt Paaren den Weg, sich wieder neu f\u00fcr den Sex zu \u00f6ffnen, Angst und Scham zu \u00fcberwinden und sich ohne Druck genussvoll fallen zu lassen.<\/p>\t\t\t\t\t\t\t\t<\/div>\n\t\t\t\t<\/div>\n\t\t\t\t\t<\/div>\n\t\t<\/div>\n\t\t\t\t\t<\/div>\n\t\t<\/section>\n\t\t\t\t<section class=\"elementor-section elementor-top-section elementor-element elementor-element-714a8f7 elementor-section-boxed elementor-section-height-default elementor-section-height-default\" data-id=\"714a8f7\" data-element_type=\"section\" data-e-type=\"section\">\n\t\t\t\t\t\t<div class=\"elementor-container elementor-column-gap-default\">\n\t\t\t\t\t<div class=\"elementor-column elementor-col-100 elementor-top-column elementor-element elementor-element-28f7bc8\" data-id=\"28f7bc8\" data-element_type=\"column\" data-e-type=\"column\">\n\t\t\t<div class=\"elementor-widget-wrap elementor-element-populated\">\n\t\t\t\t\t\t<div class=\"elementor-element elementor-element-4ab0362 elementor-widget elementor-widget-spacer\" data-id=\"4ab0362\" data-element_type=\"widget\" data-e-type=\"widget\" data-widget_type=\"spacer.default\">\n\t\t\t\t<div class=\"elementor-widget-container\">\n\t\t\t\t\t\t\t<div class=\"elementor-spacer\">\n\t\t\t<div class=\"elementor-spacer-inner\"><\/div>\n\t\t<\/div>\n\t\t\t\t\t\t<\/div>\n\t\t\t\t<\/div>\n\t\t\t\t\t<\/div>\n\t\t<\/div>\n\t\t\t\t\t<\/div>\n\t\t<\/section>\n\t\t\t\t<section class=\"elementor-section elementor-top-section elementor-element elementor-element-c97015e elementor-reverse-mobile elementor-section-boxed elementor-section-height-default elementor-section-height-default\" data-id=\"c97015e\" data-element_type=\"section\" data-e-type=\"section\">\n\t\t\t\t\t\t<div class=\"elementor-container elementor-column-gap-default\">\n\t\t\t\t\t<div class=\"elementor-column elementor-col-50 elementor-top-column elementor-element elementor-element-d9248b8\" data-id=\"d9248b8\" data-element_type=\"column\" data-e-type=\"column\">\n\t\t\t<div class=\"elementor-widget-wrap elementor-element-populated\">\n\t\t\t\t\t\t<div class=\"elementor-element elementor-element-d1d4c48 elementor-widget elementor-widget-text-editor\" data-id=\"d1d4c48\" data-element_type=\"widget\" data-e-type=\"widget\" data-widget_type=\"text-editor.default\">\n\t\t\t\t<div class=\"elementor-widget-container\">\n\t\t\t\t\t\t\t\t\t<div data-switch=\"author\" data-switch-size=\"large,xlarge\"><div data-switch=\"author\" data-switch-size=\"large,xlarge\"><h4 class=\"aim-author\" style=\"text-align: center;\">David Schnarch<\/h4><\/div><h4 class=\"ncTitle\" style=\"text-align: center;\"><a href=\"https:\/\/www.thalia.de\/shop\/home\/artikeldetails\/ID45064002.html\">Die Psychologie sexueller Leidenschaft<\/a><\/h4><\/div><p>Die Qualit\u00e4t der intimen Paarbeziehung \u2013 darum geht es David Schnarch, dem f\u00fchrenden amerikanischen Sexualforscher. Ihm gelingt es, die Potentiale in uns zu wecken, sodass wir ein Leben lang leidenschaftlich lieben k\u00f6nnen.<br \/><br \/>Anhand von Fallbeispielen zeigt er uns, wie wir unsere sexuellen und emotionalen Blockaden \u00fcberwinden k\u00f6nnen. So erleben wir bis ins hohe Alter hinein eine starke und befriedigende Sexualit\u00e4t.<br \/>Schnarch hat wahre Pionierarbeit in der Behandlung von Problemen der menschlichen Sexualit\u00e4t geleistet. Mit seinem sehr konfrontativen Vorgehen inspiriert er vor allem langj\u00e4hrige Paare zu neuem erotischen Wachstum. Was die Partner kaum mehr zu hoffen wagen, tritt ein: Sie finden zu neuer k\u00f6rperlicher und emotionaler Intimit\u00e4t zur\u00fcck. Dabei geht es Schnarch weniger um sexuelle Dysfunktionen, sondern um die emotionale Erf\u00fcllung in jeder Partnerschaft. Jede Form des sexuellen Austausches &#8211; vom Ku\u00df bis zu gewagten sexuellen Stellungen &#8211; spiegelt letztlich wider, wie wir uns und unseren Partner wahrnehmen, wie wir unsere Beziehung empfinden.<\/p>\t\t\t\t\t\t\t\t<\/div>\n\t\t\t\t<\/div>\n\t\t\t\t\t<\/div>\n\t\t<\/div>\n\t\t\t\t<div class=\"elementor-column elementor-col-50 elementor-top-column elementor-element elementor-element-9df04c9\" data-id=\"9df04c9\" data-element_type=\"column\" data-e-type=\"column\">\n\t\t\t<div class=\"elementor-widget-wrap elementor-element-populated\">\n\t\t\t\t\t\t<div class=\"elementor-element elementor-element-49bb86f elementor-widget elementor-widget-image\" data-id=\"49bb86f\" data-element_type=\"widget\" data-e-type=\"widget\" data-widget_type=\"image.default\">\n\t\t\t\t<div class=\"elementor-widget-container\">\n\t\t\t\t\t\t\t\t\t\t\t\t\t\t\t\t<a href=\"https:\/\/www.thalia.de\/shop\/home\/artikeldetails\/ID45064002.html\">\n\t\t\t\t\t\t\t<img decoding=\"async\" width=\"318\" height=\"499\" src=\"https:\/\/www.ehenetz-dresden.de\/WordPress\/wp-content\/uploads\/2019\/11\/Die-Psychologie-sexueller-Leidenschaft.jpg\" class=\"attachment-large size-large wp-image-879\" alt=\"\" srcset=\"https:\/\/www.ehenetz-dresden.de\/WordPress\/wp-content\/uploads\/2019\/11\/Die-Psychologie-sexueller-Leidenschaft.jpg 318w, https:\/\/www.ehenetz-dresden.de\/WordPress\/wp-content\/uploads\/2019\/11\/Die-Psychologie-sexueller-Leidenschaft-191x300.jpg 191w, https:\/\/www.ehenetz-dresden.de\/WordPress\/wp-content\/uploads\/2019\/11\/Die-Psychologie-sexueller-Leidenschaft-230x361.jpg 230w\" sizes=\"(max-width: 318px) 100vw, 318px\" \/>\t\t\t\t\t\t\t\t<\/a>\n\t\t\t\t\t\t\t\t\t\t\t\t\t\t\t<\/div>\n\t\t\t\t<\/div>\n\t\t\t\t\t<\/div>\n\t\t<\/div>\n\t\t\t\t\t<\/div>\n\t\t<\/section>\n\t\t\t\t<section class=\"elementor-section elementor-top-section elementor-element elementor-element-60b1d8f elementor-section-boxed elementor-section-height-default elementor-section-height-default\" data-id=\"60b1d8f\" data-element_type=\"section\" data-e-type=\"section\">\n\t\t\t\t\t\t<div class=\"elementor-container elementor-column-gap-default\">\n\t\t\t\t\t<div class=\"elementor-column elementor-col-100 elementor-top-column elementor-element elementor-element-5523dec\" data-id=\"5523dec\" data-element_type=\"column\" data-e-type=\"column\">\n\t\t\t<div class=\"elementor-widget-wrap elementor-element-populated\">\n\t\t\t\t\t\t<div class=\"elementor-element elementor-element-3370220 elementor-widget elementor-widget-spacer\" data-id=\"3370220\" data-element_type=\"widget\" data-e-type=\"widget\" data-widget_type=\"spacer.default\">\n\t\t\t\t<div class=\"elementor-widget-container\">\n\t\t\t\t\t\t\t<div class=\"elementor-spacer\">\n\t\t\t<div class=\"elementor-spacer-inner\"><\/div>\n\t\t<\/div>\n\t\t\t\t\t\t<\/div>\n\t\t\t\t<\/div>\n\t\t\t\t\t<\/div>\n\t\t<\/div>\n\t\t\t\t\t<\/div>\n\t\t<\/section>\n\t\t\t\t<section class=\"elementor-section elementor-top-section elementor-element elementor-element-94aaa77 elementor-section-boxed elementor-section-height-default elementor-section-height-default\" data-id=\"94aaa77\" data-element_type=\"section\" data-e-type=\"section\">\n\t\t\t\t\t\t<div class=\"elementor-container elementor-column-gap-default\">\n\t\t\t\t\t<div class=\"elementor-column elementor-col-50 elementor-top-column elementor-element elementor-element-2842ed5\" data-id=\"2842ed5\" data-element_type=\"column\" data-e-type=\"column\">\n\t\t\t<div class=\"elementor-widget-wrap elementor-element-populated\">\n\t\t\t\t\t\t<div class=\"elementor-element elementor-element-806f90a elementor-widget elementor-widget-image\" data-id=\"806f90a\" data-element_type=\"widget\" data-e-type=\"widget\" data-widget_type=\"image.default\">\n\t\t\t\t<div class=\"elementor-widget-container\">\n\t\t\t\t\t\t\t\t\t\t\t\t\t\t\t\t<a href=\"https:\/\/www.amazon.de\/Unsichtbare-Aff\u00e4ren-Mausklick-zum-Sexkick\/dp\/3936937761\/ref=sr_1_1?__mk_de_DE=\u00c5M\u00c5\u017d\u00d5\u00d1&#038;keywords=unsichtbare+aff\u00e4ren&#038;qid=1574872614&#038;sr=8-1\">\n\t\t\t\t\t\t\t<img decoding=\"async\" width=\"325\" height=\"499\" src=\"https:\/\/www.ehenetz-dresden.de\/WordPress\/wp-content\/uploads\/2019\/11\/unsichtbare-aff\u00e4ren.jpg\" class=\"attachment-large size-large wp-image-885\" alt=\"\" srcset=\"https:\/\/www.ehenetz-dresden.de\/WordPress\/wp-content\/uploads\/2019\/11\/unsichtbare-aff\u00e4ren.jpg 325w, https:\/\/www.ehenetz-dresden.de\/WordPress\/wp-content\/uploads\/2019\/11\/unsichtbare-aff\u00e4ren-195x300.jpg 195w, https:\/\/www.ehenetz-dresden.de\/WordPress\/wp-content\/uploads\/2019\/11\/unsichtbare-aff\u00e4ren-230x353.jpg 230w\" sizes=\"(max-width: 325px) 100vw, 325px\" \/>\t\t\t\t\t\t\t\t<\/a>\n\t\t\t\t\t\t\t\t\t\t\t\t\t\t\t<\/div>\n\t\t\t\t<\/div>\n\t\t\t\t\t<\/div>\n\t\t<\/div>\n\t\t\t\t<div class=\"elementor-column elementor-col-50 elementor-top-column elementor-element elementor-element-f8581b0\" data-id=\"f8581b0\" data-element_type=\"column\" data-e-type=\"column\">\n\t\t\t<div class=\"elementor-widget-wrap elementor-element-populated\">\n\t\t\t\t\t\t<div class=\"elementor-element elementor-element-289fe50 elementor-widget elementor-widget-text-editor\" data-id=\"289fe50\" data-element_type=\"widget\" data-e-type=\"widget\" data-widget_type=\"text-editor.default\">\n\t\t\t\t<div class=\"elementor-widget-container\">\n\t\t\t\t\t\t\t\t\t<div data-switch=\"author\" data-switch-size=\"large,xlarge\"><div class=\"a-section a-spacing-none\"><h5 id=\"title\" class=\"a-size-large a-spacing-none\" style=\"text-align: center;\"><span id=\"productTitle\" class=\"a-size-large\">Hannie Van Rijsingen<\/span><\/h5><h5 class=\"a-size-large a-spacing-none\" style=\"text-align: center;\"><a href=\"https:\/\/www.amazon.de\/Unsichtbare-Aff\u00e4ren-Mausklick-zum-Sexkick\/dp\/3936937761\/ref=sr_1_1?__mk_de_DE=\u00c5M\u00c5\u017d\u00d5\u00d1&amp;keywords=unsichtbare+aff\u00e4ren&amp;qid=1574872614&amp;sr=8-1\"><span id=\"productTitle\" class=\"a-size-large\">Unsichtbare Aff\u00e4ren: Per Mausklick zum Sexkick<\/span><\/a>\u00a0<\/h5><\/div><\/div><p>Durch die Behandlung von sexs\u00fcchtigen Menschen und ihren Partnern wurde die Sextherapeutin Hannie van Rijsingen mehr und mehr auf das Thema Pornokonsum im Internet und die Auswirkungen auf das Beziehungsleben aufmerksam. Durch das Internet sind Pornos immer leichter und jederzeit zug\u00e4nglich. In Unsichtbare Aff\u00e4ren beschreibt die Sexologin welche Auswirkungen der regelm\u00e4\u00dfige Konsum auf die Partnerschaft hat und was man aktiv dagegen unternehmen kann.<\/p>\t\t\t\t\t\t\t\t<\/div>\n\t\t\t\t<\/div>\n\t\t\t\t\t<\/div>\n\t\t<\/div>\n\t\t\t\t\t<\/div>\n\t\t<\/section>\n\t\t\t\t<\/div>\n\t\t","protected":false},"excerpt":{"rendered":"<p>Sexualit\u00e4t Eva Maria Zurhorst Soulsex Mit Lust die Liebe neu entdecken Probleme mit der Sexualit\u00e4t bringt fast jedes Paar mit, das in die Praxis von Eva-Maria Zurhorst kommt. Frauen f\u00fchlen sich von der Lust an der Liebe verlassen und M\u00e4nnern schlagen Stress, Leistungsdruck oder Zur\u00fcckweisung durch die Partnerin auf die Seele. Soulsex beschreibt Zurhorsts pers\u00f6nliches [&hellip;]<\/p>\n","protected":false},"author":3,"featured_media":0,"parent":0,"menu_order":0,"comment_status":"closed","ping_status":"closed","template":"elementor_header_footer","meta":{"footnotes":""},"class_list":["post-860","page","type-page","status-publish","hentry"],"_links":{"self":[{"href":"https:\/\/www.ehenetz-dresden.de\/WordPress\/wp-json\/wp\/v2\/pages\/860","targetHints":{"allow":["GET"]}}],"collection":[{"href":"https:\/\/www.ehenetz-dresden.de\/WordPress\/wp-json\/wp\/v2\/pages"}],"about":[{"href":"https:\/\/www.ehenetz-dresden.de\/WordPress\/wp-json\/wp\/v2\/types\/page"}],"author":[{"embeddable":true,"href":"https:\/\/www.ehenetz-dresden.de\/WordPress\/wp-json\/wp\/v2\/users\/3"}],"replies":[{"embeddable":true,"href":"https:\/\/www.ehenetz-dresden.de\/WordPress\/wp-json\/wp\/v2\/comments?post=860"}],"version-history":[{"count":8,"href":"https:\/\/www.ehenetz-dresden.de\/WordPress\/wp-json\/wp\/v2\/pages\/860\/revisions"}],"predecessor-version":[{"id":1663,"href":"https:\/\/www.ehenetz-dresden.de\/WordPress\/wp-json\/wp\/v2\/pages\/860\/revisions\/1663"}],"wp:attachment":[{"href":"https:\/\/www.ehenetz-dresden.de\/WordPress\/wp-json\/wp\/v2\/media?parent=860"}],"curies":[{"name":"wp","href":"https:\/\/api.w.org\/{rel}","templated":true}]}}