{"id":858,"date":"2019-11-27T15:28:51","date_gmt":"2019-11-27T14:28:51","guid":{"rendered":"http:\/\/www.ehenetz-dresden.de\/WordPress\/?page_id=858"},"modified":"2020-02-24T09:15:09","modified_gmt":"2020-02-24T08:15:09","slug":"kommunikation","status":"publish","type":"page","link":"https:\/\/www.ehenetz-dresden.de\/WordPress\/kommunikation\/","title":{"rendered":"Kommunikation"},"content":{"rendered":"\t\t<div data-elementor-type=\"wp-page\" data-elementor-id=\"858\" class=\"elementor elementor-858\">\n\t\t\t\t\t\t<section class=\"elementor-section elementor-top-section elementor-element elementor-element-0d22706 elementor-section-boxed elementor-section-height-default elementor-section-height-default\" data-id=\"0d22706\" data-element_type=\"section\" data-e-type=\"section\">\n\t\t\t\t\t\t<div class=\"elementor-container elementor-column-gap-default\">\n\t\t\t\t\t<div class=\"elementor-column elementor-col-100 elementor-top-column elementor-element elementor-element-6c55337\" data-id=\"6c55337\" data-element_type=\"column\" data-e-type=\"column\">\n\t\t\t<div class=\"elementor-widget-wrap elementor-element-populated\">\n\t\t\t\t\t\t<div class=\"elementor-element elementor-element-121a4ae elementor-widget elementor-widget-heading\" data-id=\"121a4ae\" data-element_type=\"widget\" data-e-type=\"widget\" data-widget_type=\"heading.default\">\n\t\t\t\t<div class=\"elementor-widget-container\">\n\t\t\t\t\t<h2 class=\"elementor-heading-title elementor-size-default\">Kommunikation<\/h2>\t\t\t\t<\/div>\n\t\t\t\t<\/div>\n\t\t\t\t\t<\/div>\n\t\t<\/div>\n\t\t\t\t\t<\/div>\n\t\t<\/section>\n\t\t\t\t<section class=\"elementor-section elementor-top-section elementor-element elementor-element-74b5286 elementor-section-boxed elementor-section-height-default elementor-section-height-default\" data-id=\"74b5286\" data-element_type=\"section\" data-e-type=\"section\">\n\t\t\t\t\t\t<div class=\"elementor-container elementor-column-gap-default\">\n\t\t\t\t\t<div class=\"elementor-column elementor-col-100 elementor-top-column elementor-element elementor-element-3d6a703\" data-id=\"3d6a703\" data-element_type=\"column\" data-e-type=\"column\">\n\t\t\t<div class=\"elementor-widget-wrap elementor-element-populated\">\n\t\t\t\t\t\t<div class=\"elementor-element elementor-element-15f394b elementor-widget elementor-widget-spacer\" data-id=\"15f394b\" data-element_type=\"widget\" data-e-type=\"widget\" data-widget_type=\"spacer.default\">\n\t\t\t\t<div class=\"elementor-widget-container\">\n\t\t\t\t\t\t\t<div class=\"elementor-spacer\">\n\t\t\t<div class=\"elementor-spacer-inner\"><\/div>\n\t\t<\/div>\n\t\t\t\t\t\t<\/div>\n\t\t\t\t<\/div>\n\t\t\t\t\t<\/div>\n\t\t<\/div>\n\t\t\t\t\t<\/div>\n\t\t<\/section>\n\t\t\t\t<section class=\"elementor-section elementor-top-section elementor-element elementor-element-19719e0 elementor-section-boxed elementor-section-height-default elementor-section-height-default\" data-id=\"19719e0\" data-element_type=\"section\" data-e-type=\"section\">\n\t\t\t\t\t\t<div class=\"elementor-container elementor-column-gap-default\">\n\t\t\t\t\t<div class=\"elementor-column elementor-col-50 elementor-top-column elementor-element elementor-element-d96e4c7\" data-id=\"d96e4c7\" data-element_type=\"column\" data-e-type=\"column\">\n\t\t\t<div class=\"elementor-widget-wrap elementor-element-populated\">\n\t\t\t\t\t\t<div class=\"elementor-element elementor-element-c1816ef elementor-widget elementor-widget-image\" data-id=\"c1816ef\" data-element_type=\"widget\" data-e-type=\"widget\" data-widget_type=\"image.default\">\n\t\t\t\t<div class=\"elementor-widget-container\">\n\t\t\t\t\t\t\t\t\t\t\t\t\t\t\t\t<a href=\"https:\/\/www.thalia.de\/shop\/home\/artikeldetails\/ID2894685.html\">\n\t\t\t\t\t\t\t<img fetchpriority=\"high\" decoding=\"async\" width=\"329\" height=\"499\" src=\"https:\/\/www.ehenetz-dresden.de\/WordPress\/wp-content\/uploads\/2019\/11\/Die-Wahrheit-beginnt-zu-zweit-Das-Paar-im-Gespr\u00e4ch.jpg\" class=\"attachment-large size-large wp-image-880\" alt=\"\" srcset=\"https:\/\/www.ehenetz-dresden.de\/WordPress\/wp-content\/uploads\/2019\/11\/Die-Wahrheit-beginnt-zu-zweit-Das-Paar-im-Gespr\u00e4ch.jpg 329w, https:\/\/www.ehenetz-dresden.de\/WordPress\/wp-content\/uploads\/2019\/11\/Die-Wahrheit-beginnt-zu-zweit-Das-Paar-im-Gespr\u00e4ch-198x300.jpg 198w, https:\/\/www.ehenetz-dresden.de\/WordPress\/wp-content\/uploads\/2019\/11\/Die-Wahrheit-beginnt-zu-zweit-Das-Paar-im-Gespr\u00e4ch-230x349.jpg 230w\" sizes=\"(max-width: 329px) 100vw, 329px\" \/>\t\t\t\t\t\t\t\t<\/a>\n\t\t\t\t\t\t\t\t\t\t\t\t\t\t\t<\/div>\n\t\t\t\t<\/div>\n\t\t\t\t\t<\/div>\n\t\t<\/div>\n\t\t\t\t<div class=\"elementor-column elementor-col-50 elementor-top-column elementor-element elementor-element-c7a97dc\" data-id=\"c7a97dc\" data-element_type=\"column\" data-e-type=\"column\">\n\t\t\t<div class=\"elementor-widget-wrap elementor-element-populated\">\n\t\t\t\t\t\t<div class=\"elementor-element elementor-element-3ded82a elementor-widget elementor-widget-text-editor\" data-id=\"3ded82a\" data-element_type=\"widget\" data-e-type=\"widget\" data-widget_type=\"text-editor.default\">\n\t\t\t\t<div class=\"elementor-widget-container\">\n\t\t\t\t\t\t\t\t\t<div data-switch=\"author\" data-switch-size=\"large,xlarge\"><h5 class=\"aim-author\" style=\"text-align: center;\">Michael Lukas Moeller<\/h5><\/div><h5 class=\"ncTitle\" style=\"text-align: center;\"><a href=\"https:\/\/www.thalia.de\/shop\/home\/artikeldetails\/ID2894685.html\">Die Wahrheit beginnt zu zweit<\/a><\/h5><p>&#8222;Eigentlich wollen wir einfach gl\u00fccklich sein, aber wir konnten nicht miteinander reden.&#8220; Dieser Satz eines Paares, das sich trennte, ist f\u00fcr mich der typische Abgesang der heute allseits belasteten Beziehungen.<br \/>Gibt es \u00fcberhaupt noch eine Chance f\u00fcr eine bessere Beziehung? Ich glaube, ja. Miteinander Reden macht gl\u00fccklichere Paare. Nur wie? Der entscheidene Weg ist das wesentliche Zwiegespr\u00e4ch. Die in ihm enthaltenen Grundansichten aus der Psychoanalyse der Zweierbeziehung haben auch mein Paarleben tiefgreifend ver\u00e4ndert. Ein Paar: &#8222;In den letzten drei Monaten mit Zwiegespr\u00e4chen haben wir mehr voneinander erfahren als in zehn Ehejahren vorher.&#8220;<br \/>Michael Lukas Moeller<\/p>\t\t\t\t\t\t\t\t<\/div>\n\t\t\t\t<\/div>\n\t\t\t\t<div class=\"elementor-element elementor-element-c5c2e27 elementor-align-center elementor-widget elementor-widget-button\" data-id=\"c5c2e27\" data-element_type=\"widget\" data-e-type=\"widget\" data-widget_type=\"button.default\">\n\t\t\t\t<div class=\"elementor-widget-container\">\n\t\t\t\t\t\t\t\t\t<div class=\"elementor-button-wrapper\">\n\t\t\t\t\t<a class=\"elementor-button elementor-button-link elementor-size-sm\" href=\"https:\/\/www.ehenetz-dresden.de\/WordPress\/wp-content\/uploads\/2020\/02\/Buchvorstellung-Die-Wahrheit-beginnt-zu-zweit.pdf\">\n\t\t\t\t\t\t<span class=\"elementor-button-content-wrapper\">\n\t\t\t\t\t\t\t\t\t<span class=\"elementor-button-text\">Buchvorstellung von uns!<\/span>\n\t\t\t\t\t<\/span>\n\t\t\t\t\t<\/a>\n\t\t\t\t<\/div>\n\t\t\t\t\t\t\t\t<\/div>\n\t\t\t\t<\/div>\n\t\t\t\t\t<\/div>\n\t\t<\/div>\n\t\t\t\t\t<\/div>\n\t\t<\/section>\n\t\t\t\t<section class=\"elementor-section elementor-top-section elementor-element elementor-element-5c7ab44 elementor-section-boxed elementor-section-height-default elementor-section-height-default\" data-id=\"5c7ab44\" data-element_type=\"section\" data-e-type=\"section\">\n\t\t\t\t\t\t<div class=\"elementor-container elementor-column-gap-default\">\n\t\t\t\t\t<div class=\"elementor-column elementor-col-100 elementor-top-column elementor-element elementor-element-d71724f\" data-id=\"d71724f\" data-element_type=\"column\" data-e-type=\"column\">\n\t\t\t<div class=\"elementor-widget-wrap elementor-element-populated\">\n\t\t\t\t\t\t<div class=\"elementor-element elementor-element-be5bba6 elementor-widget elementor-widget-spacer\" data-id=\"be5bba6\" data-element_type=\"widget\" data-e-type=\"widget\" data-widget_type=\"spacer.default\">\n\t\t\t\t<div class=\"elementor-widget-container\">\n\t\t\t\t\t\t\t<div class=\"elementor-spacer\">\n\t\t\t<div class=\"elementor-spacer-inner\"><\/div>\n\t\t<\/div>\n\t\t\t\t\t\t<\/div>\n\t\t\t\t<\/div>\n\t\t\t\t\t<\/div>\n\t\t<\/div>\n\t\t\t\t\t<\/div>\n\t\t<\/section>\n\t\t\t\t<section class=\"elementor-section elementor-top-section elementor-element elementor-element-c2e6558 elementor-reverse-mobile elementor-section-boxed elementor-section-height-default elementor-section-height-default\" data-id=\"c2e6558\" data-element_type=\"section\" data-e-type=\"section\">\n\t\t\t\t\t\t<div class=\"elementor-container elementor-column-gap-default\">\n\t\t\t\t\t<div class=\"elementor-column elementor-col-50 elementor-top-column elementor-element elementor-element-e08e47c\" data-id=\"e08e47c\" data-element_type=\"column\" data-e-type=\"column\">\n\t\t\t<div class=\"elementor-widget-wrap elementor-element-populated\">\n\t\t\t\t\t\t<div class=\"elementor-element elementor-element-1e9149f elementor-widget elementor-widget-text-editor\" data-id=\"1e9149f\" data-element_type=\"widget\" data-e-type=\"widget\" data-widget_type=\"text-editor.default\">\n\t\t\t\t<div class=\"elementor-widget-container\">\n\t\t\t\t\t\t\t\t\t<div data-switch=\"author\" data-switch-size=\"large,xlarge\"><h5 style=\"text-align: center;\">Marshall B. Rosenberg<\/h5><\/div><h5 style=\"text-align: center;\"><a href=\"https:\/\/www.thalia.de\/shop\/home\/artikeldetails\/ID45005237.html\">Gewaltfreie Kommunikation<\/a><\/h5><p>Ohne dass wir es vielleicht beabsichtigen, haben unsere Worte und unsere Art zu sprechen Verletzung und Leid zur Folge \u2013 bei anderen und auch bei uns selbst. Die Gewaltfreie Kommunikation (GFK) hilft uns, bewusster zuzuh\u00f6ren und unserem Gegen\u00fcber respektvolle Aufmerksamkeit zu schenken. Gleichzeitig lernen wir, uns ehrlich und klar auszudr\u00fccken. Als eine Sprache des Lebens k\u00f6nnen wir die GFK in der Kommunikation mit allen Menschen, egal welchen Alters, unabh\u00e4ngig von ihrem kulturellen oder religi\u00f6sen Hintergrund in den unterschiedlichsten Situationen anwenden. Mit Geschichten, Erlebnissen und beispielhaften Gespr\u00e4chssituationen macht Marshall Rosenberg in seinem Buch deutlich, wie sich mithilfe der GFK auch komplexe Kommunikationsprobleme l\u00f6sen lassen. F\u00fcr die Neuauflage dieses Bestsellers wurde der Text umfassend \u00fcberarbeitet und um ein neues Kapitel zum Thema \u201eKonfliktkl\u00e4rung und Mediation\u201c erweitert.<br \/>\u201eDas Buch Gewaltfreie Kommunikation kann die Welt ver\u00e4ndern. Und wichtiger noch, es kann Ihr Leben ver\u00e4ndern.\u201c \u2013 Jack Canfield<\/p>\t\t\t\t\t\t\t\t<\/div>\n\t\t\t\t<\/div>\n\t\t\t\t\t<\/div>\n\t\t<\/div>\n\t\t\t\t<div class=\"elementor-column elementor-col-50 elementor-top-column elementor-element elementor-element-7b91ba0\" data-id=\"7b91ba0\" data-element_type=\"column\" data-e-type=\"column\">\n\t\t\t<div class=\"elementor-widget-wrap elementor-element-populated\">\n\t\t\t\t\t\t<div class=\"elementor-element elementor-element-ff43b53 elementor-widget elementor-widget-image\" data-id=\"ff43b53\" data-element_type=\"widget\" data-e-type=\"widget\" data-widget_type=\"image.default\">\n\t\t\t\t<div class=\"elementor-widget-container\">\n\t\t\t\t\t\t\t\t\t\t\t\t\t\t\t\t<a href=\"https:\/\/www.thalia.de\/shop\/home\/artikeldetails\/ID45005237.html\">\n\t\t\t\t\t\t\t<img decoding=\"async\" width=\"354\" height=\"499\" src=\"https:\/\/www.ehenetz-dresden.de\/WordPress\/wp-content\/uploads\/2019\/11\/Gewaltfreie-Kommunikation-Eine-Sprache-des-Lebens.jpg\" class=\"attachment-large size-large wp-image-871\" alt=\"\" srcset=\"https:\/\/www.ehenetz-dresden.de\/WordPress\/wp-content\/uploads\/2019\/11\/Gewaltfreie-Kommunikation-Eine-Sprache-des-Lebens.jpg 354w, https:\/\/www.ehenetz-dresden.de\/WordPress\/wp-content\/uploads\/2019\/11\/Gewaltfreie-Kommunikation-Eine-Sprache-des-Lebens-213x300.jpg 213w, https:\/\/www.ehenetz-dresden.de\/WordPress\/wp-content\/uploads\/2019\/11\/Gewaltfreie-Kommunikation-Eine-Sprache-des-Lebens-230x324.jpg 230w, https:\/\/www.ehenetz-dresden.de\/WordPress\/wp-content\/uploads\/2019\/11\/Gewaltfreie-Kommunikation-Eine-Sprache-des-Lebens-350x493.jpg 350w\" sizes=\"(max-width: 354px) 100vw, 354px\" \/>\t\t\t\t\t\t\t\t<\/a>\n\t\t\t\t\t\t\t\t\t\t\t\t\t\t\t<\/div>\n\t\t\t\t<\/div>\n\t\t\t\t\t<\/div>\n\t\t<\/div>\n\t\t\t\t\t<\/div>\n\t\t<\/section>\n\t\t\t\t<section class=\"elementor-section elementor-top-section elementor-element elementor-element-c4f7f97 elementor-section-boxed elementor-section-height-default elementor-section-height-default\" data-id=\"c4f7f97\" data-element_type=\"section\" data-e-type=\"section\">\n\t\t\t\t\t\t<div class=\"elementor-container elementor-column-gap-default\">\n\t\t\t\t\t<div class=\"elementor-column elementor-col-100 elementor-top-column elementor-element elementor-element-b9e1112\" data-id=\"b9e1112\" data-element_type=\"column\" data-e-type=\"column\">\n\t\t\t<div class=\"elementor-widget-wrap elementor-element-populated\">\n\t\t\t\t\t\t<div class=\"elementor-element elementor-element-23a060b elementor-widget elementor-widget-spacer\" data-id=\"23a060b\" data-element_type=\"widget\" data-e-type=\"widget\" data-widget_type=\"spacer.default\">\n\t\t\t\t<div class=\"elementor-widget-container\">\n\t\t\t\t\t\t\t<div class=\"elementor-spacer\">\n\t\t\t<div class=\"elementor-spacer-inner\"><\/div>\n\t\t<\/div>\n\t\t\t\t\t\t<\/div>\n\t\t\t\t<\/div>\n\t\t\t\t\t<\/div>\n\t\t<\/div>\n\t\t\t\t\t<\/div>\n\t\t<\/section>\n\t\t\t\t<section class=\"elementor-section elementor-top-section elementor-element elementor-element-eed202e elementor-section-boxed elementor-section-height-default elementor-section-height-default\" data-id=\"eed202e\" data-element_type=\"section\" data-e-type=\"section\">\n\t\t\t\t\t\t<div class=\"elementor-container elementor-column-gap-default\">\n\t\t\t\t\t<div class=\"elementor-column elementor-col-50 elementor-top-column elementor-element elementor-element-4609314\" data-id=\"4609314\" data-element_type=\"column\" data-e-type=\"column\">\n\t\t\t<div class=\"elementor-widget-wrap elementor-element-populated\">\n\t\t\t\t\t\t<div class=\"elementor-element elementor-element-69a93e0 elementor-widget elementor-widget-image\" data-id=\"69a93e0\" data-element_type=\"widget\" data-e-type=\"widget\" data-widget_type=\"image.default\">\n\t\t\t\t<div class=\"elementor-widget-container\">\n\t\t\t\t\t\t\t\t\t\t\t\t\t\t\t\t<a href=\"https:\/\/www.thalia.de\/shop\/home\/suggestartikel\/ID17435604.html?sq=Liebe%20dich%20selbst%20und%20es%20ist%20egal,%20wen%20du%20heiratest&#038;stype=productName\">\n\t\t\t\t\t\t\t<img decoding=\"async\" width=\"353\" height=\"499\" src=\"https:\/\/www.ehenetz-dresden.de\/WordPress\/wp-content\/uploads\/2019\/11\/Liebe-dich-selbst-und-es-ist-egal-wen-du-heiratest.jpg\" class=\"attachment-large size-large wp-image-887\" alt=\"\" srcset=\"https:\/\/www.ehenetz-dresden.de\/WordPress\/wp-content\/uploads\/2019\/11\/Liebe-dich-selbst-und-es-ist-egal-wen-du-heiratest.jpg 353w, https:\/\/www.ehenetz-dresden.de\/WordPress\/wp-content\/uploads\/2019\/11\/Liebe-dich-selbst-und-es-ist-egal-wen-du-heiratest-212x300.jpg 212w, https:\/\/www.ehenetz-dresden.de\/WordPress\/wp-content\/uploads\/2019\/11\/Liebe-dich-selbst-und-es-ist-egal-wen-du-heiratest-230x325.jpg 230w, https:\/\/www.ehenetz-dresden.de\/WordPress\/wp-content\/uploads\/2019\/11\/Liebe-dich-selbst-und-es-ist-egal-wen-du-heiratest-350x495.jpg 350w\" sizes=\"(max-width: 353px) 100vw, 353px\" \/>\t\t\t\t\t\t\t\t<\/a>\n\t\t\t\t\t\t\t\t\t\t\t\t\t\t\t<\/div>\n\t\t\t\t<\/div>\n\t\t\t\t\t<\/div>\n\t\t<\/div>\n\t\t\t\t<div class=\"elementor-column elementor-col-50 elementor-top-column elementor-element elementor-element-1c6f27b\" data-id=\"1c6f27b\" data-element_type=\"column\" data-e-type=\"column\">\n\t\t\t<div class=\"elementor-widget-wrap elementor-element-populated\">\n\t\t\t\t\t\t<div class=\"elementor-element elementor-element-754251d elementor-widget elementor-widget-text-editor\" data-id=\"754251d\" data-element_type=\"widget\" data-e-type=\"widget\" data-widget_type=\"text-editor.default\">\n\t\t\t\t<div class=\"elementor-widget-container\">\n\t\t\t\t\t\t\t\t\t<div data-switch=\"author\" data-switch-size=\"large,xlarge\"><div data-switch=\"author\" data-switch-size=\"large,xlarge\"><h5 class=\"aim-author\" style=\"text-align: center;\">Eva Maria Zurhorst<\/h5><\/div><h5 class=\"ncTitle\" style=\"text-align: center;\"><a href=\"https:\/\/www.thalia.de\/shop\/home\/suggestartikel\/ID17435604.html?sq=Liebe%20dich%20selbst%20und%20es%20ist%20egal,%20wen%20du%20heiratest&amp;stype=productName\">Liebe dich selbst und es ist egal, wen du heiratest<\/a><\/h5><\/div><p>\u00bbDie meisten Scheidungen sind \u00fcberfl\u00fcssig\u00ab, glaubt Eva-Maria Zurhorst. Anhand zahlreicher Beispiele macht sie deutlich, woran es hakt, wenn vom Anfangsgl\u00fcck einer Partnerschaft nicht mehr viel \u00fcbrig ist au\u00dfer Entt\u00e4uschung und Wut oder warum die Erwartung, dass mit dem n\u00e4chsten Partner alles besser werde, falsch ist. Die Autorin zeigt, wie wir die Partnerschaft als Entwicklungsweg nutzen k\u00f6nnen. Denn eine tiefe Beziehung und Liebe sind gerade dort m\u00f6glich, wo wir die Hoffnung vielleicht schon aufgegeben haben.<\/p>\t\t\t\t\t\t\t\t<\/div>\n\t\t\t\t<\/div>\n\t\t\t\t\t<\/div>\n\t\t<\/div>\n\t\t\t\t\t<\/div>\n\t\t<\/section>\n\t\t\t\t<section class=\"elementor-section elementor-top-section elementor-element elementor-element-f8583b0 elementor-section-boxed elementor-section-height-default elementor-section-height-default\" data-id=\"f8583b0\" data-element_type=\"section\" data-e-type=\"section\">\n\t\t\t\t\t\t<div class=\"elementor-container elementor-column-gap-default\">\n\t\t\t\t\t<div class=\"elementor-column elementor-col-100 elementor-top-column elementor-element elementor-element-6ecfdb9\" data-id=\"6ecfdb9\" data-element_type=\"column\" data-e-type=\"column\">\n\t\t\t<div class=\"elementor-widget-wrap elementor-element-populated\">\n\t\t\t\t\t\t<div class=\"elementor-element elementor-element-e03e74e elementor-widget elementor-widget-spacer\" data-id=\"e03e74e\" data-element_type=\"widget\" data-e-type=\"widget\" data-widget_type=\"spacer.default\">\n\t\t\t\t<div class=\"elementor-widget-container\">\n\t\t\t\t\t\t\t<div class=\"elementor-spacer\">\n\t\t\t<div class=\"elementor-spacer-inner\"><\/div>\n\t\t<\/div>\n\t\t\t\t\t\t<\/div>\n\t\t\t\t<\/div>\n\t\t\t\t\t<\/div>\n\t\t<\/div>\n\t\t\t\t\t<\/div>\n\t\t<\/section>\n\t\t\t\t<section class=\"elementor-section elementor-top-section elementor-element elementor-element-22a9206 elementor-reverse-mobile elementor-section-boxed elementor-section-height-default elementor-section-height-default\" data-id=\"22a9206\" data-element_type=\"section\" data-e-type=\"section\">\n\t\t\t\t\t\t<div class=\"elementor-container elementor-column-gap-default\">\n\t\t\t\t\t<div class=\"elementor-column elementor-col-50 elementor-top-column elementor-element elementor-element-5a5ae13\" data-id=\"5a5ae13\" data-element_type=\"column\" data-e-type=\"column\">\n\t\t\t<div class=\"elementor-widget-wrap elementor-element-populated\">\n\t\t\t\t\t\t<div class=\"elementor-element elementor-element-5f476c4 elementor-widget elementor-widget-text-editor\" data-id=\"5f476c4\" data-element_type=\"widget\" data-e-type=\"widget\" data-widget_type=\"text-editor.default\">\n\t\t\t\t<div class=\"elementor-widget-container\">\n\t\t\t\t\t\t\t\t\t<div data-switch=\"author\" data-switch-size=\"large,xlarge\"><h5 style=\"text-align: center;\">Gary Chapman<\/h5><\/div><h5 style=\"text-align: center;\"><a href=\"https:\/\/www.thalia.de\/shop\/home\/artikeldetails\/ID14615894.html\">Die 5 Sprachen der Liebe<\/a><\/h5><p>Es gibt nichts Sch\u00f6neres als zu lieben und geliebt zu werden. Doch wie kann es gelingen, dass der andere sich tats\u00e4chlich dauerhaft geliebt f\u00fchlt und unsere Liebesbekundungen ihn mitten ins Herz treffen?<br \/><br \/>Gary Chapman ist dem Geheimnis einer erf\u00fcllten Liebesbeziehung auf die Spur gekommen: Es geht nicht darum, dem anderen irgendeinen Liebesdienst zu erweisen, sondern den richtigen. Denn es gibt 5 verschiedene Sprachen der Liebe \u2013 und jeder von uns hat eine Muttersprache\u2009\u2026<br \/><br \/>\u00bbDas Buch ist einfach genial. Der Autor beschreibt auf so einfache und nachvollziehbare Weise, wie unterschiedlich Menschen Liebe geben und empfangen und wie wichtig es ist, dabei die gleiche Sprache zu sprechen. Durch dieses Buch wurde mir erst bewusst, was mir wichtig ist und was Liebe f\u00fcr mich bedeutet. Nachdem ich auch meinen Mann dazu gebracht habe, dieses Buch zu lesen, sind uns beiden richtige \u203aKronleuchter\u2039 aufgegangen und wir f\u00fchren seither eine g\u00e4nzlich neue Beziehung mit sehr viel mehr Liebe und Verst\u00e4ndnis f\u00fcreinander. Ich kann dieses Buch jedem empfehlen.\u00ab Leserstimme<\/p>\t\t\t\t\t\t\t\t<\/div>\n\t\t\t\t<\/div>\n\t\t\t\t\t<\/div>\n\t\t<\/div>\n\t\t\t\t<div class=\"elementor-column elementor-col-50 elementor-top-column elementor-element elementor-element-f9dcdbf\" data-id=\"f9dcdbf\" data-element_type=\"column\" data-e-type=\"column\">\n\t\t\t<div class=\"elementor-widget-wrap elementor-element-populated\">\n\t\t\t\t\t\t<div class=\"elementor-element elementor-element-b8d8724 elementor-widget elementor-widget-image\" data-id=\"b8d8724\" data-element_type=\"widget\" data-e-type=\"widget\" data-widget_type=\"image.default\">\n\t\t\t\t<div class=\"elementor-widget-container\">\n\t\t\t\t\t\t\t\t\t\t\t\t\t\t\t\t<a href=\"https:\/\/www.thalia.de\/shop\/home\/artikeldetails\/ID14615894.html\">\n\t\t\t\t\t\t\t<img loading=\"lazy\" decoding=\"async\" width=\"326\" height=\"499\" src=\"https:\/\/www.ehenetz-dresden.de\/WordPress\/wp-content\/uploads\/2019\/11\/Die-5-Sprachen-der-Liebe.jpg\" class=\"attachment-large size-large wp-image-877\" alt=\"\" srcset=\"https:\/\/www.ehenetz-dresden.de\/WordPress\/wp-content\/uploads\/2019\/11\/Die-5-Sprachen-der-Liebe.jpg 326w, https:\/\/www.ehenetz-dresden.de\/WordPress\/wp-content\/uploads\/2019\/11\/Die-5-Sprachen-der-Liebe-196x300.jpg 196w, https:\/\/www.ehenetz-dresden.de\/WordPress\/wp-content\/uploads\/2019\/11\/Die-5-Sprachen-der-Liebe-230x352.jpg 230w\" sizes=\"(max-width: 326px) 100vw, 326px\" \/>\t\t\t\t\t\t\t\t<\/a>\n\t\t\t\t\t\t\t\t\t\t\t\t\t\t\t<\/div>\n\t\t\t\t<\/div>\n\t\t\t\t\t<\/div>\n\t\t<\/div>\n\t\t\t\t\t<\/div>\n\t\t<\/section>\n\t\t\t\t<\/div>\n\t\t","protected":false},"excerpt":{"rendered":"<p>Kommunikation Michael Lukas Moeller Die Wahrheit beginnt zu zweit &#8222;Eigentlich wollen wir einfach gl\u00fccklich sein, aber wir konnten nicht miteinander reden.&#8220; Dieser Satz eines Paares, das sich trennte, ist f\u00fcr mich der typische Abgesang der heute allseits belasteten Beziehungen.Gibt es \u00fcberhaupt noch eine Chance f\u00fcr eine bessere Beziehung? Ich glaube, ja. Miteinander Reden macht gl\u00fccklichere [&hellip;]<\/p>\n","protected":false},"author":3,"featured_media":0,"parent":0,"menu_order":0,"comment_status":"closed","ping_status":"closed","template":"elementor_header_footer","meta":{"footnotes":""},"class_list":["post-858","page","type-page","status-publish","hentry"],"_links":{"self":[{"href":"https:\/\/www.ehenetz-dresden.de\/WordPress\/wp-json\/wp\/v2\/pages\/858","targetHints":{"allow":["GET"]}}],"collection":[{"href":"https:\/\/www.ehenetz-dresden.de\/WordPress\/wp-json\/wp\/v2\/pages"}],"about":[{"href":"https:\/\/www.ehenetz-dresden.de\/WordPress\/wp-json\/wp\/v2\/types\/page"}],"author":[{"embeddable":true,"href":"https:\/\/www.ehenetz-dresden.de\/WordPress\/wp-json\/wp\/v2\/users\/3"}],"replies":[{"embeddable":true,"href":"https:\/\/www.ehenetz-dresden.de\/WordPress\/wp-json\/wp\/v2\/comments?post=858"}],"version-history":[{"count":20,"href":"https:\/\/www.ehenetz-dresden.de\/WordPress\/wp-json\/wp\/v2\/pages\/858\/revisions"}],"predecessor-version":[{"id":1797,"href":"https:\/\/www.ehenetz-dresden.de\/WordPress\/wp-json\/wp\/v2\/pages\/858\/revisions\/1797"}],"wp:attachment":[{"href":"https:\/\/www.ehenetz-dresden.de\/WordPress\/wp-json\/wp\/v2\/media?parent=858"}],"curies":[{"name":"wp","href":"https:\/\/api.w.org\/{rel}","templated":true}]}}