{"id":1839,"date":"2020-05-12T15:47:04","date_gmt":"2020-05-12T13:47:04","guid":{"rendered":"https:\/\/www.ehenetz-dresden.de\/WordPress\/?page_id=1839"},"modified":"2024-10-29T10:42:11","modified_gmt":"2024-10-29T09:42:11","slug":"spiele-fuer-zwei","status":"publish","type":"page","link":"https:\/\/www.ehenetz-dresden.de\/WordPress\/spiele-fuer-zwei\/","title":{"rendered":"Spiele f\u00fcr Zwei"},"content":{"rendered":"\t\t<div data-elementor-type=\"wp-page\" data-elementor-id=\"1839\" class=\"elementor elementor-1839\">\n\t\t\t\t\t\t<section class=\"elementor-section elementor-top-section elementor-element elementor-element-85927b0 elementor-section-boxed elementor-section-height-default elementor-section-height-default\" data-id=\"85927b0\" data-element_type=\"section\" data-e-type=\"section\">\n\t\t\t\t\t\t<div class=\"elementor-container elementor-column-gap-default\">\n\t\t\t\t\t<div class=\"elementor-column elementor-col-33 elementor-top-column elementor-element elementor-element-5467209\" data-id=\"5467209\" data-element_type=\"column\" data-e-type=\"column\">\n\t\t\t<div class=\"elementor-widget-wrap elementor-element-populated\">\n\t\t\t\t\t\t<div class=\"elementor-element elementor-element-7b352dd elementor-widget elementor-widget-image\" data-id=\"7b352dd\" data-element_type=\"widget\" data-e-type=\"widget\" data-widget_type=\"image.default\">\n\t\t\t\t<div class=\"elementor-widget-container\">\n\t\t\t\t\t\t\t\t\t\t\t\t\t\t\t<img fetchpriority=\"high\" decoding=\"async\" width=\"339\" height=\"450\" src=\"https:\/\/www.ehenetz-dresden.de\/WordPress\/wp-content\/uploads\/2020\/05\/der-versunkene-Schatz.jpg\" class=\"attachment-large size-large wp-image-1818\" alt=\"\" srcset=\"https:\/\/www.ehenetz-dresden.de\/WordPress\/wp-content\/uploads\/2020\/05\/der-versunkene-Schatz.jpg 339w, https:\/\/www.ehenetz-dresden.de\/WordPress\/wp-content\/uploads\/2020\/05\/der-versunkene-Schatz-226x300.jpg 226w, https:\/\/www.ehenetz-dresden.de\/WordPress\/wp-content\/uploads\/2020\/05\/der-versunkene-Schatz-230x305.jpg 230w\" sizes=\"(max-width: 339px) 100vw, 339px\" \/>\t\t\t\t\t\t\t\t\t\t\t\t\t\t\t<\/div>\n\t\t\t\t<\/div>\n\t\t\t\t\t<\/div>\n\t\t<\/div>\n\t\t\t\t<div class=\"elementor-column elementor-col-66 elementor-top-column elementor-element elementor-element-c2c9fe2\" data-id=\"c2c9fe2\" data-element_type=\"column\" data-e-type=\"column\">\n\t\t\t<div class=\"elementor-widget-wrap elementor-element-populated\">\n\t\t\t\t\t\t<div class=\"elementor-element elementor-element-ff93d88 elementor-widget elementor-widget-text-editor\" data-id=\"ff93d88\" data-element_type=\"widget\" data-e-type=\"widget\" data-widget_type=\"text-editor.default\">\n\t\t\t\t<div class=\"elementor-widget-container\">\n\t\t\t\t\t\t\t\t\t<p><b>Exit <\/b>Spiele sind eine Art Escaperoom als Brettspiel. Und diese lassen sich auch super zu zweit spielen. &#8222;Der versunkene Schatz&#8220; ist ein Spiel f\u00fcr Einsteiger, aber es gibt auch kniffligere Abenteuer zu meistern. Wichtigstes Feature: es ist ein Kooperatives Spiel. Das hei\u00dft, ihr m\u00fcsst es zusammen l\u00f6sen und spielt nicht gegeneinander.<br \/><a href=\"https:\/\/www.spiele-offensive.de\/Spiel\/EXIT-Das-Spiel-Der-versunkene-Schatz-1020545.html\" target=\"_blank\" rel=\"noopener\">LINK<\/a><\/p>\t\t\t\t\t\t\t\t<\/div>\n\t\t\t\t<\/div>\n\t\t\t\t\t<\/div>\n\t\t<\/div>\n\t\t\t\t\t<\/div>\n\t\t<\/section>\n\t\t\t\t<section class=\"elementor-section elementor-top-section elementor-element elementor-element-b8d0453 elementor-section-boxed elementor-section-height-default elementor-section-height-default\" data-id=\"b8d0453\" data-element_type=\"section\" data-e-type=\"section\">\n\t\t\t\t\t\t<div class=\"elementor-container elementor-column-gap-default\">\n\t\t\t\t\t<div class=\"elementor-column elementor-col-33 elementor-top-column elementor-element elementor-element-e8be378\" data-id=\"e8be378\" data-element_type=\"column\" data-e-type=\"column\">\n\t\t\t<div class=\"elementor-widget-wrap elementor-element-populated\">\n\t\t\t\t\t\t<div class=\"elementor-element elementor-element-3b41e44 elementor-widget elementor-widget-image\" data-id=\"3b41e44\" data-element_type=\"widget\" data-e-type=\"widget\" data-widget_type=\"image.default\">\n\t\t\t\t<div class=\"elementor-widget-container\">\n\t\t\t\t\t\t\t\t\t\t\t\t\t\t\t<img decoding=\"async\" width=\"351\" height=\"450\" src=\"https:\/\/www.ehenetz-dresden.de\/WordPress\/wp-content\/uploads\/2020\/05\/Patchwork.jpg\" class=\"attachment-large size-large wp-image-1841\" alt=\"\" srcset=\"https:\/\/www.ehenetz-dresden.de\/WordPress\/wp-content\/uploads\/2020\/05\/Patchwork.jpg 351w, https:\/\/www.ehenetz-dresden.de\/WordPress\/wp-content\/uploads\/2020\/05\/Patchwork-234x300.jpg 234w, https:\/\/www.ehenetz-dresden.de\/WordPress\/wp-content\/uploads\/2020\/05\/Patchwork-230x295.jpg 230w\" sizes=\"(max-width: 351px) 100vw, 351px\" \/>\t\t\t\t\t\t\t\t\t\t\t\t\t\t\t<\/div>\n\t\t\t\t<\/div>\n\t\t\t\t\t<\/div>\n\t\t<\/div>\n\t\t\t\t<div class=\"elementor-column elementor-col-66 elementor-top-column elementor-element elementor-element-9618598\" data-id=\"9618598\" data-element_type=\"column\" data-e-type=\"column\">\n\t\t\t<div class=\"elementor-widget-wrap elementor-element-populated\">\n\t\t\t\t\t\t<div class=\"elementor-element elementor-element-448c4d9 elementor-widget elementor-widget-text-editor\" data-id=\"448c4d9\" data-element_type=\"widget\" data-e-type=\"widget\" data-widget_type=\"text-editor.default\">\n\t\t\t\t<div class=\"elementor-widget-container\">\n\t\t\t\t\t\t\t\t\t<p><b>Patchwork <\/b>ist ein richtig cooles Legespiel, bei dem es darauf ankommt gut vorauszuschauen, aber auch seine Steine kreativ\u00a0anzulegen. Dieses Spiel wird einfach nicht langweilig und macht immer wieder Spa\u00df.\u00a0<a style=\"background-color: #ffffff;\" href=\"https:\/\/www.spiele-offensive.de\/Spiel\/Patchwork-1015770.html\" target=\"_blank\" rel=\"noopener\">LINK<\/a><\/p>\t\t\t\t\t\t\t\t<\/div>\n\t\t\t\t<\/div>\n\t\t\t\t\t<\/div>\n\t\t<\/div>\n\t\t\t\t\t<\/div>\n\t\t<\/section>\n\t\t\t\t<section class=\"elementor-section elementor-top-section elementor-element elementor-element-24eb661 elementor-section-boxed elementor-section-height-default elementor-section-height-default\" data-id=\"24eb661\" data-element_type=\"section\" data-e-type=\"section\">\n\t\t\t\t\t\t<div class=\"elementor-container elementor-column-gap-default\">\n\t\t\t\t\t<div class=\"elementor-column elementor-col-33 elementor-top-column elementor-element elementor-element-27f0722\" data-id=\"27f0722\" data-element_type=\"column\" data-e-type=\"column\">\n\t\t\t<div class=\"elementor-widget-wrap elementor-element-populated\">\n\t\t\t\t\t\t<div class=\"elementor-element elementor-element-1bef109 elementor-widget elementor-widget-image\" data-id=\"1bef109\" data-element_type=\"widget\" data-e-type=\"widget\" data-widget_type=\"image.default\">\n\t\t\t\t<div class=\"elementor-widget-container\">\n\t\t\t\t\t\t\t\t\t\t\t\t\t\t\t<img decoding=\"async\" width=\"450\" height=\"450\" src=\"https:\/\/www.ehenetz-dresden.de\/WordPress\/wp-content\/uploads\/2020\/05\/Abalone.jpg\" class=\"attachment-large size-large wp-image-1842\" alt=\"\" srcset=\"https:\/\/www.ehenetz-dresden.de\/WordPress\/wp-content\/uploads\/2020\/05\/Abalone.jpg 450w, https:\/\/www.ehenetz-dresden.de\/WordPress\/wp-content\/uploads\/2020\/05\/Abalone-300x300.jpg 300w, https:\/\/www.ehenetz-dresden.de\/WordPress\/wp-content\/uploads\/2020\/05\/Abalone-150x150.jpg 150w, https:\/\/www.ehenetz-dresden.de\/WordPress\/wp-content\/uploads\/2020\/05\/Abalone-230x230.jpg 230w, https:\/\/www.ehenetz-dresden.de\/WordPress\/wp-content\/uploads\/2020\/05\/Abalone-350x350.jpg 350w\" sizes=\"(max-width: 450px) 100vw, 450px\" \/>\t\t\t\t\t\t\t\t\t\t\t\t\t\t\t<\/div>\n\t\t\t\t<\/div>\n\t\t\t\t\t<\/div>\n\t\t<\/div>\n\t\t\t\t<div class=\"elementor-column elementor-col-66 elementor-top-column elementor-element elementor-element-73dce6e\" data-id=\"73dce6e\" data-element_type=\"column\" data-e-type=\"column\">\n\t\t\t<div class=\"elementor-widget-wrap elementor-element-populated\">\n\t\t\t\t\t\t<div class=\"elementor-element elementor-element-02c8899 elementor-widget elementor-widget-text-editor\" data-id=\"02c8899\" data-element_type=\"widget\" data-e-type=\"widget\" data-widget_type=\"text-editor.default\">\n\t\t\t\t<div class=\"elementor-widget-container\">\n\t\t\t\t\t\t\t\t\t<p><b>Abalone <\/b>ist schon ein etwas \u00e4lteres Zweipersonenspiel, was aber trotzdem nichts an seinem Reiz verloren hat. Es ist ein Spiel was in seinen Z\u00fcgen \u00c4hnlichkeiten mit Dame hat, aber durch den Schiebemechanismus eine ganz eigene Dynamik entwickelt. Kurze Regeln, schnelles Spiel.\u00a0<a style=\"background-color: #ffffff;\" href=\"https:\/\/www.spiele-offensive.de\/Spiel\/Abalone-Classic-1000190.html\" target=\"_blank\" rel=\"noopener\">LINK<\/a><\/p>\t\t\t\t\t\t\t\t<\/div>\n\t\t\t\t<\/div>\n\t\t\t\t\t<\/div>\n\t\t<\/div>\n\t\t\t\t\t<\/div>\n\t\t<\/section>\n\t\t\t\t<section class=\"elementor-section elementor-top-section elementor-element elementor-element-37ab4a1 elementor-section-boxed elementor-section-height-default elementor-section-height-default\" data-id=\"37ab4a1\" data-element_type=\"section\" data-e-type=\"section\">\n\t\t\t\t\t\t<div class=\"elementor-container elementor-column-gap-default\">\n\t\t\t\t\t<div class=\"elementor-column elementor-col-33 elementor-top-column elementor-element elementor-element-31a3f85\" data-id=\"31a3f85\" data-element_type=\"column\" data-e-type=\"column\">\n\t\t\t<div class=\"elementor-widget-wrap elementor-element-populated\">\n\t\t\t\t\t\t<div class=\"elementor-element elementor-element-5eacb77 elementor-widget elementor-widget-image\" data-id=\"5eacb77\" data-element_type=\"widget\" data-e-type=\"widget\" data-widget_type=\"image.default\">\n\t\t\t\t<div class=\"elementor-widget-container\">\n\t\t\t\t\t\t\t\t\t\t\t\t\t\t\t<img loading=\"lazy\" decoding=\"async\" width=\"399\" height=\"450\" src=\"https:\/\/www.ehenetz-dresden.de\/WordPress\/wp-content\/uploads\/2020\/05\/7-Wonders.jpg\" class=\"attachment-large size-large wp-image-1843\" alt=\"\" srcset=\"https:\/\/www.ehenetz-dresden.de\/WordPress\/wp-content\/uploads\/2020\/05\/7-Wonders.jpg 399w, https:\/\/www.ehenetz-dresden.de\/WordPress\/wp-content\/uploads\/2020\/05\/7-Wonders-266x300.jpg 266w, https:\/\/www.ehenetz-dresden.de\/WordPress\/wp-content\/uploads\/2020\/05\/7-Wonders-230x259.jpg 230w, https:\/\/www.ehenetz-dresden.de\/WordPress\/wp-content\/uploads\/2020\/05\/7-Wonders-350x395.jpg 350w\" sizes=\"(max-width: 399px) 100vw, 399px\" \/>\t\t\t\t\t\t\t\t\t\t\t\t\t\t\t<\/div>\n\t\t\t\t<\/div>\n\t\t\t\t\t<\/div>\n\t\t<\/div>\n\t\t\t\t<div class=\"elementor-column elementor-col-66 elementor-top-column elementor-element elementor-element-a53dfb4\" data-id=\"a53dfb4\" data-element_type=\"column\" data-e-type=\"column\">\n\t\t\t<div class=\"elementor-widget-wrap elementor-element-populated\">\n\t\t\t\t\t\t<div class=\"elementor-element elementor-element-3f1a03e elementor-widget elementor-widget-text-editor\" data-id=\"3f1a03e\" data-element_type=\"widget\" data-e-type=\"widget\" data-widget_type=\"text-editor.default\">\n\t\t\t\t<div class=\"elementor-widget-container\">\n\t\t\t\t\t\t\t\t\t<p>7 <b>Wonders- Duel<\/b> ist eher etwas f\u00fcr die Strategen unter euch. Das Kennerspiel des Jahres 2011 hat es geschafft eine wirklich gute Version f\u00fcr nur 2 Spieler herauszubringen. Das ist mit Duel wirklich gelungen. Wer also vor einem guten Wettstreit nicht zur\u00fcckschreckt, sollte hier zugreifen.&nbsp;<a href=\"https:\/\/www.spiele-offensive.de\/Spiel\/7-Wonders-Duel-1017150.html\" target=\"_blank\" style=\"background-color: rgb(255, 255, 255);\">LINK<\/a><\/p>\t\t\t\t\t\t\t\t<\/div>\n\t\t\t\t<\/div>\n\t\t\t\t\t<\/div>\n\t\t<\/div>\n\t\t\t\t\t<\/div>\n\t\t<\/section>\n\t\t\t\t<section class=\"elementor-section elementor-top-section elementor-element elementor-element-d737b46 elementor-section-boxed elementor-section-height-default elementor-section-height-default\" data-id=\"d737b46\" data-element_type=\"section\" data-e-type=\"section\">\n\t\t\t\t\t\t<div class=\"elementor-container elementor-column-gap-default\">\n\t\t\t\t\t<div class=\"elementor-column elementor-col-33 elementor-top-column elementor-element elementor-element-dd09e72\" data-id=\"dd09e72\" data-element_type=\"column\" data-e-type=\"column\">\n\t\t\t<div class=\"elementor-widget-wrap elementor-element-populated\">\n\t\t\t\t\t\t<div class=\"elementor-element elementor-element-048a11c elementor-widget elementor-widget-image\" data-id=\"048a11c\" data-element_type=\"widget\" data-e-type=\"widget\" data-widget_type=\"image.default\">\n\t\t\t\t<div class=\"elementor-widget-container\">\n\t\t\t\t\t\t\t\t\t\t\t\t\t\t\t<img loading=\"lazy\" decoding=\"async\" width=\"337\" height=\"450\" src=\"https:\/\/www.ehenetz-dresden.de\/WordPress\/wp-content\/uploads\/2020\/05\/Catan.jpg\" class=\"attachment-large size-large wp-image-1865\" alt=\"\" srcset=\"https:\/\/www.ehenetz-dresden.de\/WordPress\/wp-content\/uploads\/2020\/05\/Catan.jpg 337w, https:\/\/www.ehenetz-dresden.de\/WordPress\/wp-content\/uploads\/2020\/05\/Catan-225x300.jpg 225w, https:\/\/www.ehenetz-dresden.de\/WordPress\/wp-content\/uploads\/2020\/05\/Catan-230x307.jpg 230w\" sizes=\"(max-width: 337px) 100vw, 337px\" \/>\t\t\t\t\t\t\t\t\t\t\t\t\t\t\t<\/div>\n\t\t\t\t<\/div>\n\t\t\t\t\t<\/div>\n\t\t<\/div>\n\t\t\t\t<div class=\"elementor-column elementor-col-66 elementor-top-column elementor-element elementor-element-3f68246\" data-id=\"3f68246\" data-element_type=\"column\" data-e-type=\"column\">\n\t\t\t<div class=\"elementor-widget-wrap elementor-element-populated\">\n\t\t\t\t\t\t<div class=\"elementor-element elementor-element-89a7fa6 elementor-widget elementor-widget-text-editor\" data-id=\"89a7fa6\" data-element_type=\"widget\" data-e-type=\"widget\" data-widget_type=\"text-editor.default\">\n\t\t\t\t<div class=\"elementor-widget-container\">\n\t\t\t\t\t\t\t\t\t<p>Auch ein Klassiker und \u00e4hnlich strategisch ist <b>Catan- Das Duell<\/b>.<br \/>Jeder der schon mal die Siedler von Catan gespielt hat, wei\u00df welche Sogwirkung dieses Spiel entwickeln kann. In der Variante f\u00fcr 2 Spieler ist auch die Spielzeit k\u00fcrzer und muss nicht gleich einen ganzen Abend f\u00fcllen.\u00a0<a style=\"background-color: #ffffff;\" href=\"https:\/\/www.thalia.de\/shop\/home\/artikeldetails\/ID44402874.html?utm_medium=psm&amp;utm_source=www.billiger.de&amp;ProvID=11002841&amp;ReferrerID=112184\" target=\"_blank\" rel=\"noopener\">LINK<\/a><\/p>\t\t\t\t\t\t\t\t<\/div>\n\t\t\t\t<\/div>\n\t\t\t\t\t<\/div>\n\t\t<\/div>\n\t\t\t\t\t<\/div>\n\t\t<\/section>\n\t\t\t\t<\/div>\n\t\t","protected":false},"excerpt":{"rendered":"<p>Exit Spiele sind eine Art Escaperoom als Brettspiel. Und diese lassen sich auch super zu zweit spielen. &#8222;Der versunkene Schatz&#8220; ist ein Spiel f\u00fcr Einsteiger, aber es gibt auch kniffligere Abenteuer zu meistern. Wichtigstes Feature: es ist ein Kooperatives Spiel. Das hei\u00dft, ihr m\u00fcsst es zusammen l\u00f6sen und spielt nicht gegeneinander.LINK Patchwork ist ein richtig [&hellip;]<\/p>\n","protected":false},"author":3,"featured_media":0,"parent":0,"menu_order":0,"comment_status":"closed","ping_status":"closed","template":"","meta":{"footnotes":""},"class_list":["post-1839","page","type-page","status-publish","hentry"],"_links":{"self":[{"href":"https:\/\/www.ehenetz-dresden.de\/WordPress\/wp-json\/wp\/v2\/pages\/1839","targetHints":{"allow":["GET"]}}],"collection":[{"href":"https:\/\/www.ehenetz-dresden.de\/WordPress\/wp-json\/wp\/v2\/pages"}],"about":[{"href":"https:\/\/www.ehenetz-dresden.de\/WordPress\/wp-json\/wp\/v2\/types\/page"}],"author":[{"embeddable":true,"href":"https:\/\/www.ehenetz-dresden.de\/WordPress\/wp-json\/wp\/v2\/users\/3"}],"replies":[{"embeddable":true,"href":"https:\/\/www.ehenetz-dresden.de\/WordPress\/wp-json\/wp\/v2\/comments?post=1839"}],"version-history":[{"count":9,"href":"https:\/\/www.ehenetz-dresden.de\/WordPress\/wp-json\/wp\/v2\/pages\/1839\/revisions"}],"predecessor-version":[{"id":2890,"href":"https:\/\/www.ehenetz-dresden.de\/WordPress\/wp-json\/wp\/v2\/pages\/1839\/revisions\/2890"}],"wp:attachment":[{"href":"https:\/\/www.ehenetz-dresden.de\/WordPress\/wp-json\/wp\/v2\/media?parent=1839"}],"curies":[{"name":"wp","href":"https:\/\/api.w.org\/{rel}","templated":true}]}}